{"id":356,"date":"2025-12-24T12:00:10","date_gmt":"2025-12-24T12:00:10","guid":{"rendered":"https:\/\/sweetcorkbyfa.com\/?page_id=356"},"modified":"2025-12-28T20:44:56","modified_gmt":"2025-12-28T20:44:56","slug":"brigadeiros","status":"publish","type":"page","link":"https:\/\/sweetcorkbyfa.com\/pt\/brigadeiros\/","title":{"rendered":"Brigadeiros"},"content":{"rendered":"<div data-elementor-type=\"wp-page\" data-elementor-id=\"356\" class=\"elementor elementor-356\" data-elementor-post-type=\"page\">\n\t\t\t\t<div class=\"elementor-element elementor-element-3285bbe9 e-con-full e-flex e-con e-parent\" data-id=\"3285bbe9\" data-element_type=\"container\" data-e-type=\"container\" data-settings=\"{&quot;background_background&quot;:&quot;classic&quot;}\">\n\t\t\t\t<div class=\"elementor-element elementor-element-15c568f7 elementor-widget elementor-widget-gallery\" data-id=\"15c568f7\" data-element_type=\"widget\" data-e-type=\"widget\" data-settings=\"{&quot;gallery_layout&quot;:&quot;justified&quot;,&quot;ideal_row_height&quot;:{&quot;unit&quot;:&quot;px&quot;,&quot;size&quot;:400,&quot;sizes&quot;:[]},&quot;gap&quot;:{&quot;unit&quot;:&quot;px&quot;,&quot;size&quot;:0,&quot;sizes&quot;:[]},&quot;ideal_row_height_tablet&quot;:{&quot;unit&quot;:&quot;px&quot;,&quot;size&quot;:287,&quot;sizes&quot;:[]},&quot;ideal_row_height_mobile&quot;:{&quot;unit&quot;:&quot;px&quot;,&quot;size&quot;:139,&quot;sizes&quot;:[]},&quot;gap_tablet&quot;:{&quot;unit&quot;:&quot;px&quot;,&quot;size&quot;:0,&quot;sizes&quot;:[]},&quot;gap_mobile&quot;:{&quot;unit&quot;:&quot;px&quot;,&quot;size&quot;:0,&quot;sizes&quot;:[]},&quot;overlay_background&quot;:&quot;yes&quot;}\" data-widget_type=\"gallery.default\">\n\t\t\t\t\t\t\t<div class=\"elementor-gallery__container\">\n\t\t\t\t\t\t\t<div class=\"e-gallery-item elementor-gallery-item\">\n\t\t\t\t\t<div class=\"e-gallery-image elementor-gallery-item__image\" data-thumbnail=\"https:\/\/sweetcorkbyfa.com\/wp-content\/uploads\/2025\/12\/Captura-de-pantalla-2025-12-18-112253.png\" data-width=\"672\" data-height=\"726\" aria-label=\"\" role=\"img\" ><\/div>\n\t\t\t\t\t\t\t\t\t\t\t<div class=\"elementor-gallery-item__overlay\"><\/div>\n\t\t\t\t\t\t\t\t\t\t\t\t\t\t<\/div>\n\t\t\t\t\t\t\t<div class=\"e-gallery-item elementor-gallery-item\">\n\t\t\t\t\t<div class=\"e-gallery-image elementor-gallery-item__image\" data-thumbnail=\"https:\/\/sweetcorkbyfa.com\/wp-content\/uploads\/2025\/12\/Captura-de-pantalla-2025-12-18-175719.png\" data-width=\"560\" data-height=\"750\" aria-label=\"\" role=\"img\" ><\/div>\n\t\t\t\t\t\t\t\t\t\t\t<div class=\"elementor-gallery-item__overlay\"><\/div>\n\t\t\t\t\t\t\t\t\t\t\t\t\t\t<\/div>\n\t\t\t\t\t\t\t<div class=\"e-gallery-item elementor-gallery-item\">\n\t\t\t\t\t<div class=\"e-gallery-image elementor-gallery-item__image\" data-thumbnail=\"https:\/\/sweetcorkbyfa.com\/wp-content\/uploads\/2025\/12\/Captura-de-pantalla-2025-12-18-112217.png\" data-width=\"562\" data-height=\"720\" aria-label=\"\" role=\"img\" ><\/div>\n\t\t\t\t\t\t\t\t\t\t\t<div class=\"elementor-gallery-item__overlay\"><\/div>\n\t\t\t\t\t\t\t\t\t\t\t\t\t\t<\/div>\n\t\t\t\t\t<\/div>\n\t\t\t\t\t<\/div>\n\t\t\t\t<div class=\"elementor-element elementor-element-1ccaa6a0 elementor-widget elementor-widget-heading\" data-id=\"1ccaa6a0\" data-element_type=\"widget\" data-e-type=\"widget\" data-widget_type=\"heading.default\">\n\t\t\t\t\t<h2 class=\"elementor-heading-title elementor-size-default\">O sabor mais brasileiro <br> em Cork<\/h2>\t\t\t\t<\/div>\n\t\t\t\t<\/div>\n\t\t<div class=\"elementor-element elementor-element-71c35008 e-flex e-con-boxed e-con e-parent\" data-id=\"71c35008\" data-element_type=\"container\" data-e-type=\"container\">\n\t\t\t\t\t<div class=\"e-con-inner\">\n\t\t\t\t<div class=\"elementor-element elementor-element-272d0685 elementor-widget elementor-widget-text-editor\" data-id=\"272d0685\" data-element_type=\"widget\" data-e-type=\"widget\" data-widget_type=\"text-editor.default\">\n\t\t\t\t\t\t\t\t\t<p>O Brasil est\u00e1 muito longe,<br \/>mas a sua ess\u00eancia est\u00e1 mais pr\u00f3xima do que nunca<\/p>\t\t\t\t\t\t\t\t<\/div>\n\t\t\t\t\t<\/div>\n\t\t\t\t<\/div>\n\t\t<div class=\"elementor-element elementor-element-7b5c8fee e-flex e-con-boxed e-con e-parent\" data-id=\"7b5c8fee\" data-element_type=\"container\" data-e-type=\"container\">\n\t\t\t\t\t<div class=\"e-con-inner\">\n\t\t\t\t<div class=\"elementor-element elementor-element-8b7af47 elementor-hidden-mobile elementor-widget elementor-widget-spacer\" data-id=\"8b7af47\" data-element_type=\"widget\" data-e-type=\"widget\" data-widget_type=\"spacer.default\">\n\t\t\t\t\t\t\t<div class=\"elementor-spacer\">\n\t\t\t<div class=\"elementor-spacer-inner\"><\/div>\n\t\t<\/div>\n\t\t\t\t\t\t<\/div>\n\t\t\t\t\t<\/div>\n\t\t\t\t<\/div>\n\t\t<div class=\"elementor-element elementor-element-2c664f61 e-flex e-con-boxed e-con e-parent\" data-id=\"2c664f61\" data-element_type=\"container\" data-e-type=\"container\">\n\t\t\t\t\t<div class=\"e-con-inner\">\n\t\t\t\t<div class=\"elementor-element elementor-element-1a3eafb8 elementor-widget elementor-widget-heading\" data-id=\"1a3eafb8\" data-element_type=\"widget\" data-e-type=\"widget\" data-widget_type=\"heading.default\">\n\t\t\t\t\t<h2 class=\"elementor-heading-title elementor-size-default\">Nossos brigadeiros<\/h2>\t\t\t\t<\/div>\n\t\t<div class=\"elementor-element elementor-element-4e39a370 e-con-full e-flex e-con e-child\" data-id=\"4e39a370\" data-element_type=\"container\" data-e-type=\"container\">\n\t\t<div class=\"elementor-element elementor-element-b3739a4 e-con-full e-flex e-con e-child\" data-id=\"b3739a4\" data-element_type=\"container\" data-e-type=\"container\">\n\t\t\t\t<div class=\"elementor-element elementor-element-629dd268 elementor-widget elementor-widget-text-editor\" data-id=\"629dd268\" data-element_type=\"widget\" data-e-type=\"widget\" data-widget_type=\"text-editor.default\">\n\t\t\t\t\t\t\t\t\t<p>Nossos brigadeiros est\u00e3o no cora\u00e7\u00e3o de tudo o que fazemos. Focamo-nos em aperfei\u00e7oar este produto, cuidando de cada detalhe para que cada mordida seja cremosa, equilibrada e cheia de sabor. Produzimo-los em pequenas quantidades, sempre frescos, para que cada brigadeiro seja desfrutado como algo especial, exatamente como deve ser.<\/p><p>Enraizados na tradi\u00e7\u00e3o brasileira, os brigadeiros representam momentos de celebra\u00e7\u00e3o e partilha. Respeitamos as receitas cl\u00e1ssicas que lhes conferem o seu sabor aut\u00eantico, ao mesmo tempo que exploramos novos sabores para surpreender. Cada brigadeiro \u00e9 feito \u00e0 m\u00e3o, com paci\u00eancia e cuidado, preservando esse toque caseiro que os torna t\u00e3o reconfortantes e memor\u00e1veis, levando um pequeno peda\u00e7o do Brasil a Cork.<\/p>\t\t\t\t\t\t\t\t<\/div>\n\t\t\t\t<\/div>\n\t\t\t\t<div class=\"elementor-element elementor-element-ec3cd9d elementor-hidden-mobile elementor-widget elementor-widget-image\" data-id=\"ec3cd9d\" data-element_type=\"widget\" data-e-type=\"widget\" data-widget_type=\"image.default\">\n\t\t\t\t\t\t\t\t\t\t\t\t\t\t\t<img fetchpriority=\"high\" decoding=\"async\" width=\"560\" height=\"748\" src=\"https:\/\/sweetcorkbyfa.com\/wp-content\/uploads\/2025\/12\/Captura-de-pantalla-2025-12-24-105342.png\" class=\"attachment-large size-large wp-image-343\" alt=\"\" srcset=\"https:\/\/sweetcorkbyfa.com\/wp-content\/uploads\/2025\/12\/Captura-de-pantalla-2025-12-24-105342.png 560w, https:\/\/sweetcorkbyfa.com\/wp-content\/uploads\/2025\/12\/Captura-de-pantalla-2025-12-24-105342-225x300.png 225w, https:\/\/sweetcorkbyfa.com\/wp-content\/uploads\/2025\/12\/Captura-de-pantalla-2025-12-24-105342-9x12.png 9w\" sizes=\"(max-width: 560px) 100vw, 560px\" \/>\t\t\t\t\t\t\t\t\t\t\t\t\t\t\t<\/div>\n\t\t\t\t<\/div>\n\t\t\t\t\t<\/div>\n\t\t\t\t<\/div>\n\t\t<div class=\"elementor-element elementor-element-b50ae22 e-flex e-con-boxed e-con e-parent\" data-id=\"b50ae22\" data-element_type=\"container\" data-e-type=\"container\">\n\t\t\t\t\t<div class=\"e-con-inner\">\n\t\t\t\t<div class=\"elementor-element elementor-element-1fd2076 elementor-headline--style-highlight elementor-widget elementor-widget-animated-headline\" data-id=\"1fd2076\" data-element_type=\"widget\" data-e-type=\"widget\" data-settings=\"{&quot;marker&quot;:&quot;underline_zigzag&quot;,&quot;highlighted_text&quot;:&quot;flavors&quot;,&quot;headline_style&quot;:&quot;highlight&quot;,&quot;loop&quot;:&quot;yes&quot;,&quot;highlight_animation_duration&quot;:1200,&quot;highlight_iteration_delay&quot;:8000}\" data-widget_type=\"animated-headline.default\">\n\t\t\t\t\t\t\t<h3 class=\"elementor-headline\">\n\t\t\t\t\t<span class=\"elementor-headline-plain-text elementor-headline-text-wrapper\">Descubra todos os<\/span>\n\t\t\t\t<span class=\"elementor-headline-dynamic-wrapper elementor-headline-text-wrapper\">\n\t\t\t\t\t<span class=\"elementor-headline-dynamic-text elementor-headline-text-active\">sabores<\/span>\n\t\t\t\t<\/span>\n\t\t\t\t<\/h3>\n\t\t\t\t\t\t<\/div>\n\t\t\t\t\t<\/div>\n\t\t\t\t<\/div>\n\t\t<div class=\"elementor-element elementor-element-3b0aa5c e-flex e-con-boxed e-con e-parent\" data-id=\"3b0aa5c\" data-element_type=\"container\" data-e-type=\"container\">\n\t\t\t\t\t<div class=\"e-con-inner\">\n\t\t\t\t<div class=\"elementor-element elementor-element-cce5211 elementor-posts--align-center elementor-grid-3 elementor-grid-tablet-2 elementor-grid-mobile-1 elementor-posts--thumbnail-top elementor-card-shadow-yes elementor-posts__hover-gradient elementor-widget elementor-widget-posts\" data-id=\"cce5211\" data-element_type=\"widget\" data-e-type=\"widget\" data-settings=\"{&quot;cards_row_gap&quot;:{&quot;unit&quot;:&quot;px&quot;,&quot;size&quot;:43,&quot;sizes&quot;:[]},&quot;cards_columns&quot;:&quot;3&quot;,&quot;cards_columns_tablet&quot;:&quot;2&quot;,&quot;cards_columns_mobile&quot;:&quot;1&quot;,&quot;cards_row_gap_tablet&quot;:{&quot;unit&quot;:&quot;px&quot;,&quot;size&quot;:&quot;&quot;,&quot;sizes&quot;:[]},&quot;cards_row_gap_mobile&quot;:{&quot;unit&quot;:&quot;px&quot;,&quot;size&quot;:&quot;&quot;,&quot;sizes&quot;:[]}}\" data-widget_type=\"posts.cards\">\n\t\t\t\t<div class=\"elementor-widget-container\">\n\t\t\t\t\t\t\t<div class=\"elementor-posts-container elementor-posts elementor-posts--skin-cards elementor-grid\" role=\"list\">\n\t\t\t\t<article class=\"elementor-post elementor-grid-item post-398 post type-post status-publish format-standard has-post-thumbnail hentry category-brigadeiros\" role=\"listitem\">\n\t\t\t<div class=\"elementor-post__card\">\n\t\t\t\t<a class=\"elementor-post__thumbnail__link\" href=\"https:\/\/sweetcorkbyfa.com\/pt\/brigadeiro-oreo\/\" tabindex=\"-1\" ><div class=\"elementor-post__thumbnail\"><img decoding=\"async\" width=\"295\" height=\"300\" src=\"https:\/\/sweetcorkbyfa.com\/wp-content\/uploads\/2025\/12\/Captura-de-pantalla-2025-12-18-112217-1-e1766744734339-295x300.png\" class=\"attachment-medium size-medium wp-image-186\" alt=\"\" srcset=\"https:\/\/sweetcorkbyfa.com\/wp-content\/uploads\/2025\/12\/Captura-de-pantalla-2025-12-18-112217-1-e1766744734339-295x300.png 295w, https:\/\/sweetcorkbyfa.com\/wp-content\/uploads\/2025\/12\/Captura-de-pantalla-2025-12-18-112217-1-e1766744734339-12x12.png 12w, https:\/\/sweetcorkbyfa.com\/wp-content\/uploads\/2025\/12\/Captura-de-pantalla-2025-12-18-112217-1-e1766744734339.png 562w\" sizes=\"(max-width: 295px) 100vw, 295px\" \/><\/div><\/a>\n\t\t\t\t<div class=\"elementor-post__text\">\n\t\t\t\t<h3 class=\"elementor-post__title\">\n\t\t\t<a href=\"https:\/\/sweetcorkbyfa.com\/pt\/brigadeiro-oreo\/\" >\n\t\t\t\tBrigadeiro Oreo\t\t\t<\/a>\n\t\t<\/h3>\n\t\t\t\t<\/div>\n\t\t\t\t\t<\/div>\n\t\t<\/article>\n\t\t\t\t<article class=\"elementor-post elementor-grid-item post-419 post type-post status-publish format-standard has-post-thumbnail hentry category-brigadeiros\" role=\"listitem\">\n\t\t\t<div class=\"elementor-post__card\">\n\t\t\t\t<a class=\"elementor-post__thumbnail__link\" href=\"https:\/\/sweetcorkbyfa.com\/pt\/brigadeiro-tradicional\/\" tabindex=\"-1\" ><div class=\"elementor-post__thumbnail\"><img decoding=\"async\" width=\"238\" height=\"300\" src=\"https:\/\/sweetcorkbyfa.com\/wp-content\/uploads\/2025\/12\/Captura-de-pantalla-2025-12-24-174510-238x300.png\" class=\"attachment-medium size-medium wp-image-423\" alt=\"\" srcset=\"https:\/\/sweetcorkbyfa.com\/wp-content\/uploads\/2025\/12\/Captura-de-pantalla-2025-12-24-174510-238x300.png 238w, https:\/\/sweetcorkbyfa.com\/wp-content\/uploads\/2025\/12\/Captura-de-pantalla-2025-12-24-174510-10x12.png 10w, https:\/\/sweetcorkbyfa.com\/wp-content\/uploads\/2025\/12\/Captura-de-pantalla-2025-12-24-174510.png 592w\" sizes=\"(max-width: 238px) 100vw, 238px\" \/><\/div><\/a>\n\t\t\t\t<div class=\"elementor-post__text\">\n\t\t\t\t<h3 class=\"elementor-post__title\">\n\t\t\t<a href=\"https:\/\/sweetcorkbyfa.com\/pt\/brigadeiro-tradicional\/\" >\n\t\t\t\tBrigadeiro Traditional\t\t\t<\/a>\n\t\t<\/h3>\n\t\t\t\t<\/div>\n\t\t\t\t\t<\/div>\n\t\t<\/article>\n\t\t\t\t<article class=\"elementor-post elementor-grid-item post-427 post type-post status-publish format-standard has-post-thumbnail hentry category-brigadeiros\" role=\"listitem\">\n\t\t\t<div class=\"elementor-post__card\">\n\t\t\t\t<a class=\"elementor-post__thumbnail__link\" href=\"https:\/\/sweetcorkbyfa.com\/pt\/brigadeiro-ninho-with-nutella\/\" tabindex=\"-1\" ><div class=\"elementor-post__thumbnail\"><img loading=\"lazy\" decoding=\"async\" width=\"278\" height=\"300\" src=\"https:\/\/sweetcorkbyfa.com\/wp-content\/uploads\/2025\/12\/Captura-de-pantalla-2025-12-18-112253-278x300.png\" class=\"attachment-medium size-medium wp-image-56\" alt=\"\" srcset=\"https:\/\/sweetcorkbyfa.com\/wp-content\/uploads\/2025\/12\/Captura-de-pantalla-2025-12-18-112253-278x300.png 278w, https:\/\/sweetcorkbyfa.com\/wp-content\/uploads\/2025\/12\/Captura-de-pantalla-2025-12-18-112253-11x12.png 11w, https:\/\/sweetcorkbyfa.com\/wp-content\/uploads\/2025\/12\/Captura-de-pantalla-2025-12-18-112253.png 672w\" sizes=\"(max-width: 278px) 100vw, 278px\" \/><\/div><\/a>\n\t\t\t\t<div class=\"elementor-post__text\">\n\t\t\t\t<h3 class=\"elementor-post__title\">\n\t\t\t<a href=\"https:\/\/sweetcorkbyfa.com\/pt\/brigadeiro-ninho-with-nutella\/\" >\n\t\t\t\tBrigadeiro de Ninho com Nutella\t\t\t<\/a>\n\t\t<\/h3>\n\t\t\t\t<\/div>\n\t\t\t\t\t<\/div>\n\t\t<\/article>\n\t\t\t\t<article class=\"elementor-post elementor-grid-item post-432 post type-post status-publish format-standard has-post-thumbnail hentry category-brigadeiros\" role=\"listitem\">\n\t\t\t<div class=\"elementor-post__card\">\n\t\t\t\t<a class=\"elementor-post__thumbnail__link\" href=\"https:\/\/sweetcorkbyfa.com\/pt\/brigadeiro-coco\/\" tabindex=\"-1\" ><div class=\"elementor-post__thumbnail\"><img loading=\"lazy\" decoding=\"async\" width=\"223\" height=\"300\" src=\"https:\/\/sweetcorkbyfa.com\/wp-content\/uploads\/2025\/12\/Captura-de-pantalla-2025-12-18-112233-1-223x300.png\" class=\"attachment-medium size-medium wp-image-185\" alt=\"\" srcset=\"https:\/\/sweetcorkbyfa.com\/wp-content\/uploads\/2025\/12\/Captura-de-pantalla-2025-12-18-112233-1-223x300.png 223w, https:\/\/sweetcorkbyfa.com\/wp-content\/uploads\/2025\/12\/Captura-de-pantalla-2025-12-18-112233-1-9x12.png 9w, https:\/\/sweetcorkbyfa.com\/wp-content\/uploads\/2025\/12\/Captura-de-pantalla-2025-12-18-112233-1.png 545w\" sizes=\"(max-width: 223px) 100vw, 223px\" \/><\/div><\/a>\n\t\t\t\t<div class=\"elementor-post__text\">\n\t\t\t\t<h3 class=\"elementor-post__title\">\n\t\t\t<a href=\"https:\/\/sweetcorkbyfa.com\/pt\/brigadeiro-coco\/\" >\n\t\t\t\tBrigadeiro Coconut\t\t\t<\/a>\n\t\t<\/h3>\n\t\t\t\t<\/div>\n\t\t\t\t\t<\/div>\n\t\t<\/article>\n\t\t\t\t<article class=\"elementor-post elementor-grid-item post-437 post type-post status-publish format-standard has-post-thumbnail hentry category-brigadeiros\" role=\"listitem\">\n\t\t\t<div class=\"elementor-post__card\">\n\t\t\t\t<a class=\"elementor-post__thumbnail__link\" href=\"https:\/\/sweetcorkbyfa.com\/pt\/brigadeiro-coco-tostado\/\" tabindex=\"-1\" ><div class=\"elementor-post__thumbnail\"><img loading=\"lazy\" decoding=\"async\" width=\"251\" height=\"300\" src=\"https:\/\/sweetcorkbyfa.com\/wp-content\/uploads\/2025\/12\/Captura-de-pantalla-2025-12-24-182356-251x300.png\" class=\"attachment-medium size-medium wp-image-439\" alt=\"\" srcset=\"https:\/\/sweetcorkbyfa.com\/wp-content\/uploads\/2025\/12\/Captura-de-pantalla-2025-12-24-182356-251x300.png 251w, https:\/\/sweetcorkbyfa.com\/wp-content\/uploads\/2025\/12\/Captura-de-pantalla-2025-12-24-182356-10x12.png 10w, https:\/\/sweetcorkbyfa.com\/wp-content\/uploads\/2025\/12\/Captura-de-pantalla-2025-12-24-182356.png 623w\" sizes=\"(max-width: 251px) 100vw, 251px\" \/><\/div><\/a>\n\t\t\t\t<div class=\"elementor-post__text\">\n\t\t\t\t<h3 class=\"elementor-post__title\">\n\t\t\t<a href=\"https:\/\/sweetcorkbyfa.com\/pt\/brigadeiro-coco-tostado\/\" >\n\t\t\t\tToasted Coconut Brigadeiro\t\t\t<\/a>\n\t\t<\/h3>\n\t\t\t\t<\/div>\n\t\t\t\t\t<\/div>\n\t\t<\/article>\n\t\t\t\t<article class=\"elementor-post elementor-grid-item post-597 post type-post status-publish format-standard has-post-thumbnail hentry category-brigadeiros\" role=\"listitem\">\n\t\t\t<div class=\"elementor-post__card\">\n\t\t\t\t<a class=\"elementor-post__thumbnail__link\" href=\"https:\/\/sweetcorkbyfa.com\/pt\/elementor-597\/\" tabindex=\"-1\" ><div class=\"elementor-post__thumbnail\"><img loading=\"lazy\" decoding=\"async\" width=\"300\" height=\"232\" src=\"https:\/\/sweetcorkbyfa.com\/wp-content\/uploads\/2025\/12\/Captura-de-pantalla-2025-12-18-112305-1-e1766930087304-300x232.png\" class=\"attachment-medium size-medium wp-image-182\" alt=\"\" srcset=\"https:\/\/sweetcorkbyfa.com\/wp-content\/uploads\/2025\/12\/Captura-de-pantalla-2025-12-18-112305-1-e1766930087304-300x232.png 300w, https:\/\/sweetcorkbyfa.com\/wp-content\/uploads\/2025\/12\/Captura-de-pantalla-2025-12-18-112305-1-e1766930087304-16x12.png 16w, https:\/\/sweetcorkbyfa.com\/wp-content\/uploads\/2025\/12\/Captura-de-pantalla-2025-12-18-112305-1-e1766930087304.png 587w\" sizes=\"(max-width: 300px) 100vw, 300px\" \/><\/div><\/a>\n\t\t\t\t<div class=\"elementor-post__text\">\n\t\t\t\t<h3 class=\"elementor-post__title\">\n\t\t\t<a href=\"https:\/\/sweetcorkbyfa.com\/pt\/elementor-597\/\" >\n\t\t\t\tBrigadeiros Especiais\t\t\t<\/a>\n\t\t<\/h3>\n\t\t\t\t<\/div>\n\t\t\t\t\t<\/div>\n\t\t<\/article>\n\t\t\t\t<\/div>\n\t\t\n\t\t\t\t\t\t<\/div>\n\t\t\t\t<\/div>\n\t\t\t\t\t<\/div>\n\t\t\t\t<\/div>\n\t\t<div class=\"elementor-element elementor-element-f4ad213 e-flex e-con-boxed e-con e-parent\" data-id=\"f4ad213\" data-element_type=\"container\" data-e-type=\"container\">\n\t\t\t\t\t<div class=\"e-con-inner\">\n\t\t\t\t<div class=\"elementor-element elementor-element-f0f303f elementor-widget elementor-widget-spacer\" data-id=\"f0f303f\" data-element_type=\"widget\" data-e-type=\"widget\" data-widget_type=\"spacer.default\">\n\t\t\t\t\t\t\t<div class=\"elementor-spacer\">\n\t\t\t<div class=\"elementor-spacer-inner\"><\/div>\n\t\t<\/div>\n\t\t\t\t\t\t<\/div>\n\t\t\t\t\t<\/div>\n\t\t\t\t<\/div>\n\t\t\t\t<\/div>","protected":false},"excerpt":{"rendered":"<p>The most Brazilian flavor in Cork Brazil is very far away,but its essence is closer than ever Our Brigadeiros Our brigadeiros are at the heart<\/p>","protected":false},"author":1,"featured_media":0,"parent":0,"menu_order":0,"comment_status":"closed","ping_status":"closed","template":"elementor_header_footer","meta":{"footnotes":""},"class_list":["post-356","page","type-page","status-publish","hentry"],"_hostinger_reach_plugin_has_subscription_block":false,"_hostinger_reach_plugin_is_elementor":false,"_links":{"self":[{"href":"https:\/\/sweetcorkbyfa.com\/pt\/wp-json\/wp\/v2\/pages\/356","targetHints":{"allow":["GET"]}}],"collection":[{"href":"https:\/\/sweetcorkbyfa.com\/pt\/wp-json\/wp\/v2\/pages"}],"about":[{"href":"https:\/\/sweetcorkbyfa.com\/pt\/wp-json\/wp\/v2\/types\/page"}],"author":[{"embeddable":true,"href":"https:\/\/sweetcorkbyfa.com\/pt\/wp-json\/wp\/v2\/users\/1"}],"replies":[{"embeddable":true,"href":"https:\/\/sweetcorkbyfa.com\/pt\/wp-json\/wp\/v2\/comments?post=356"}],"version-history":[{"count":70,"href":"https:\/\/sweetcorkbyfa.com\/pt\/wp-json\/wp\/v2\/pages\/356\/revisions"}],"predecessor-version":[{"id":750,"href":"https:\/\/sweetcorkbyfa.com\/pt\/wp-json\/wp\/v2\/pages\/356\/revisions\/750"}],"wp:attachment":[{"href":"https:\/\/sweetcorkbyfa.com\/pt\/wp-json\/wp\/v2\/media?parent=356"}],"curies":[{"name":"wp","href":"https:\/\/api.w.org\/{rel}","templated":true}]}}